{"id":30072,"date":"2022-08-08T20:48:18","date_gmt":"2022-08-08T18:48:18","guid":{"rendered":"http:\/\/bali.day\/?page_id=30072"},"modified":"2024-11-17T10:46:39","modified_gmt":"2024-11-17T02:46:39","slug":"general-terms-conditions","status":"publish","type":"page","link":"https:\/\/bali.day\/it\/general-terms-conditions\/","title":{"rendered":"Termini e condizioni generali"},"content":{"rendered":"<pre class=\"wp-block-code\"><code>Quando si pianifica un tour di un giorno a Bali, ci sono alcune cose importanti che \u00e8 necessario sapere. La prima cosa che \u00e8 necessario sapere \u00e8 che il prezzo del tour generalmente include trasporto, pranzo e biglietti d&#039;ingresso alle attrazioni incluse nell&#039;itinerario. Tuttavia, non include articoli come souvenir, spese personali e mance. \u00c8 anche importante sapere che la maggior parte dei tour di un giorno a Bali sono considerati tour di un giorno intero, quindi di solito iniziano molto presto la mattina e terminano la sera. Se hai richieste speciali o devi apportare modifiche all&#039;itinerario, dovresti informare il tour operator il prima possibile. Inoltre, \u00e8 importante ricordare che alcune delle attrazioni incluse nel tour potrebbero avere un accesso limitato per le donne incinte e i bambini di et\u00e0 inferiore a una certa et\u00e0. Quindi, se tu o qualcuno del tuo gruppo rientra in una di queste categorie, ti preghiamo di informare in anticipo il tour operator.<\/code><\/pre>\n\n\n\n<div data-wp-interactive=\"core\/file\" class=\"wp-block-file\"><object data-wp-bind--hidden=\"!state.hasPdfPreview\" hidden class=\"wp-block-file__embed\" data=\"http:\/\/bali.day\/wp-content\/uploads\/2022\/08\/GTC.pdf\" type=\"application\/pdf\" style=\"width:100%;height:600px\" aria-label=\"Incorporamento di GTC.\"><\/object><a id=\"wp-block-file--media-02c1b937-dd19-47c2-affe-bb66444589a8\" href=\"http:\/\/bali.day\/wp-content\/uploads\/2022\/08\/GTC.pdf\">Condizioni Generali<\/a><a href=\"http:\/\/bali.day\/wp-content\/uploads\/2022\/08\/GTC.pdf\" class=\"wp-block-file__button wp-element-button\" download aria-describedby=\"wp-block-file--media-02c1b937-dd19-47c2-affe-bb66444589a8\">Scaricamento<\/a><\/div>","protected":false},"excerpt":{"rendered":"","protected":false},"author":1,"featured_media":0,"parent":0,"menu_order":0,"comment_status":"closed","ping_status":"closed","template":"","meta":{"footnotes":""},"class_list":["post-30072","page","type-page","status-publish","hentry"],"_links":{"self":[{"href":"https:\/\/bali.day\/it\/wp-json\/wp\/v2\/pages\/30072","targetHints":{"allow":["GET"]}}],"collection":[{"href":"https:\/\/bali.day\/it\/wp-json\/wp\/v2\/pages"}],"about":[{"href":"https:\/\/bali.day\/it\/wp-json\/wp\/v2\/types\/page"}],"author":[{"embeddable":true,"href":"https:\/\/bali.day\/it\/wp-json\/wp\/v2\/users\/1"}],"replies":[{"embeddable":true,"href":"https:\/\/bali.day\/it\/wp-json\/wp\/v2\/comments?post=30072"}],"version-history":[{"count":0,"href":"https:\/\/bali.day\/it\/wp-json\/wp\/v2\/pages\/30072\/revisions"}],"wp:attachment":[{"href":"https:\/\/bali.day\/it\/wp-json\/wp\/v2\/media?parent=30072"}],"curies":[{"name":"wp","href":"https:\/\/api.w.org\/{rel}","templated":true}]}}