{"id":33298,"date":"2024-07-16T20:31:18","date_gmt":"2024-07-16T12:31:18","guid":{"rendered":"https:\/\/bali.day\/?page_id=33298"},"modified":"2024-09-07T12:43:00","modified_gmt":"2024-09-07T04:43:00","slug":"culinary-gastronomy","status":"publish","type":"page","link":"https:\/\/bali.day\/fr\/organized-tours\/culinary-gastronomy\/","title":{"rendered":"Culinaire &amp; Gastronomie"},"content":{"rendered":"<p>\ud83d\udc4b Pr\u00eat \u00e0 vous lancer dans une aventure pleine de saveurs au c\u0153ur de la gastronomie de Bali ? Oubliez les plages un instant ; plongeons dans un monde o\u00f9 les traditions ancestrales se marient harmonieusement aux innovations culinaires modernes.<\/p>\n\n\n\n<p>Imaginez : vous, dans une cuisine balinaise traditionnelle, apprenant \u00e0 pr\u00e9parer des plats embl\u00e9matiques comme le sate lilit (ces app\u00e9tissantes brochettes de viande hach\u00e9e), le vibrant lawar (une symphonie de l\u00e9gumes et de viande) et le l\u00e9gendaire ayam betutu (un poulet mijot\u00e9 si tendre qu&#039;il fond dans la bouche). \ud83e\udd24<\/p>\n\n\n\n<p>Mais ce n&#039;est que le d\u00e9but ! Nous fl\u00e2nerons dans des plantations d&#039;\u00e9pices parfum\u00e9es, respirant les ar\u00f4mes enivrants des clous de girofle, de la muscade et du curcuma, l&#039;essence m\u00eame de la cuisine balinaise. Nous parcourrons des march\u00e9s locaux anim\u00e9s, un kal\u00e9idoscope de produits frais, d&#039;\u00e9pices exotiques et de collations all\u00e9chantes. Et pour le plaisir ultime, nous r\u00e9galerons nos papilles avec des menus d\u00e9gustation exquis dans des restaurants renomm\u00e9s, o\u00f9 des chefs talentueux cr\u00e9ent des chefs-d&#039;\u0153uvre culinaires qui vous laisseront sans voix.<\/p>\n\n\n\n<p>Ah, et ai-je mentionn\u00e9 le satay ? Du succulent sate lilit au sate plecing ardent, vos papilles vont se r\u00e9galer. Et ne me lancez m\u00eame pas sur les desserts ! Pensez au bubuh injin velout\u00e9 (riz au lait noir) et au es daluman rafra\u00eechissant (gel\u00e9e de noix de coco) \u2013 la fin sucr\u00e9e parfaite de votre voyage culinaire.<\/p>\n\n\n\n<p>Alors, qu&#039;attendez-vous ? Explorons ensemble l&#039;\u00e2me culinaire de Bali ! R\u00e9servez votre aventure d\u00e8s aujourd&#039;hui et pr\u00e9parez-vous \u00e0 go\u00fbter \u00e0 la magie ! \u2728<\/p>","protected":false},"excerpt":{"rendered":"<p>\ud83d\udc4b Ready to embark on a flavor-filled adventure through Bali&#8217;s culinary heart? Forget the beaches for a moment; let&#8217;s dive deep into a world where ancient traditions blend seamlessly with modern culinary innovations. Picture this: you, in a traditional Balinese kitchen, learning to whip up iconic dishes like sate lilit (those mouthwatering minced meat skewers), [&hellip;]<\/p>\n","protected":false},"author":1,"featured_media":0,"parent":33280,"menu_order":0,"comment_status":"closed","ping_status":"closed","template":"page-tour-list.php","meta":{"footnotes":""},"class_list":["post-33298","page","type-page","status-publish","hentry"],"_links":{"self":[{"href":"https:\/\/bali.day\/fr\/wp-json\/wp\/v2\/pages\/33298","targetHints":{"allow":["GET"]}}],"collection":[{"href":"https:\/\/bali.day\/fr\/wp-json\/wp\/v2\/pages"}],"about":[{"href":"https:\/\/bali.day\/fr\/wp-json\/wp\/v2\/types\/page"}],"author":[{"embeddable":true,"href":"https:\/\/bali.day\/fr\/wp-json\/wp\/v2\/users\/1"}],"replies":[{"embeddable":true,"href":"https:\/\/bali.day\/fr\/wp-json\/wp\/v2\/comments?post=33298"}],"version-history":[{"count":0,"href":"https:\/\/bali.day\/fr\/wp-json\/wp\/v2\/pages\/33298\/revisions"}],"up":[{"embeddable":true,"href":"https:\/\/bali.day\/fr\/wp-json\/wp\/v2\/pages\/33280"}],"wp:attachment":[{"href":"https:\/\/bali.day\/fr\/wp-json\/wp\/v2\/media?parent=33298"}],"curies":[{"name":"wp","href":"https:\/\/api.w.org\/{rel}","templated":true}]}}