{"id":33280,"date":"2024-07-16T19:18:02","date_gmt":"2024-07-16T11:18:02","guid":{"rendered":"https:\/\/bali.day\/?page_id=33280"},"modified":"2024-07-16T19:55:54","modified_gmt":"2024-07-16T11:55:54","slug":"organized-tours","status":"publish","type":"page","link":"https:\/\/bali.day\/fr\/organized-tours\/","title":{"rendered":"Visites organis\u00e9es"},"content":{"rendered":"<p>Bienvenue dans notre collection organis\u00e9e de circuits organis\u00e9s, con\u00e7us pour d\u00e9voiler les diverses merveilles de Bali !<\/p>\n\n\n\n<p>Que vous ayez envie d&#039;aventure, que vous recherchiez une immersion culturelle ou que vous aspiriez \u00e0 une d\u00e9tente sereine, nos itin\u00e9raires m\u00e9ticuleusement \u00e9labor\u00e9s r\u00e9pondent aux d\u00e9sirs de chaque voyageur.<\/p>\n\n\n\n<p>Explorez pour d\u00e9couvrir un large \u00e9ventail d&#039;exp\u00e9riences<\/p>","protected":false},"excerpt":{"rendered":"<p>Bienvenue dans notre collection de circuits organis\u00e9s, con\u00e7us pour vous faire d\u00e9couvrir les diverses merveilles de Bali ! Que vous ayez envie d&#039;aventure, d&#039;immersion culturelle ou de d\u00e9tente sereine, nos itin\u00e9raires soigneusement \u00e9labor\u00e9s r\u00e9pondent aux d\u00e9sirs de chaque voyageur. Explorez pour d\u00e9couvrir un large \u00e9ventail d&#039;exp\u00e9riences<\/p>","protected":false},"author":1,"featured_media":0,"parent":0,"menu_order":0,"comment_status":"closed","ping_status":"closed","template":"","meta":{"footnotes":""},"class_list":["post-33280","page","type-page","status-publish","hentry"],"_links":{"self":[{"href":"https:\/\/bali.day\/fr\/wp-json\/wp\/v2\/pages\/33280","targetHints":{"allow":["GET"]}}],"collection":[{"href":"https:\/\/bali.day\/fr\/wp-json\/wp\/v2\/pages"}],"about":[{"href":"https:\/\/bali.day\/fr\/wp-json\/wp\/v2\/types\/page"}],"author":[{"embeddable":true,"href":"https:\/\/bali.day\/fr\/wp-json\/wp\/v2\/users\/1"}],"replies":[{"embeddable":true,"href":"https:\/\/bali.day\/fr\/wp-json\/wp\/v2\/comments?post=33280"}],"version-history":[{"count":0,"href":"https:\/\/bali.day\/fr\/wp-json\/wp\/v2\/pages\/33280\/revisions"}],"wp:attachment":[{"href":"https:\/\/bali.day\/fr\/wp-json\/wp\/v2\/media?parent=33280"}],"curies":[{"name":"wp","href":"https:\/\/api.w.org\/{rel}","templated":true}]}}