{"id":31271,"date":"2023-01-07T05:31:05","date_gmt":"2023-01-07T04:31:05","guid":{"rendered":"http:\/\/bali.day\/?page_id=31271"},"modified":"2023-01-07T05:31:07","modified_gmt":"2023-01-07T04:31:07","slug":"home-travel-agency-template","status":"publish","type":"page","link":"https:\/\/bali.day\/fr\/home-travel-agency-template\/","title":{"rendered":"Home Travel Agency template"},"content":{"rendered":"<div class=\"widget widget-sidebar\"><div class=\"s-title\"><h2><\/h2><\/div><div style='display:none' class='query'>SELECT SQL_CALC_FOUND_ROWS  wp_posts.*, 1 rooms_available, 0 rooms_booked , IFNULL((SELECT price_meta2.meta_value + 0 FROM wp_postmeta price_meta2  WHERE price_meta2.post_id=wp_posts.ID  AND price_meta2.meta_key='_accommodation_min_price:2026-04-10:2028-04-10' LIMIT 1), 0) accommodation_price , IFNULL((SELECT price_meta3.meta_value + 0 FROM wp_postmeta price_meta3  WHERE price_meta3.post_id=wp_posts.ID  AND price_meta3.meta_key='accommodation_static_from_price' LIMIT 1), 0) accommodation_static_price \n\t\t\t\t\t FROM wp_posts \n\t\t\t\t\t WHERE 1=1  AND wp_posts.post_type = 'accommodation' AND ((wp_posts.post_status = 'publish'))\n\t\t\t\t\t GROUP BY  wp_posts.ID  HAVING 1=1 \n\t\t\t\t\t ORDER BY wp_posts.post_title ASC\n\t\t\t\t\t LIMIT 0, 4<\/div><div class=\"deals\"><div class=\"row\"><article data-accommodation-id=\"32820\" class=\"accommodation_item full-width\"><div><a href=\"https:\/\/bali.day\/fr\/stay\/danke-lodge\/\" title=\"Danke Lodge\"><figure><img fetchpriority=\"high\" decoding=\"async\" width=\"400\" height=\"300\" src=\"https:\/\/bali.day\/wp-content\/uploads\/2023\/09\/245794328-400x300.jpg\" class=\"attachment-thumbnail size-thumbnail wp-post-image\" alt=\"\" title=\"Danke Lodge\" srcset=\"https:\/\/bali.day\/wp-content\/uploads\/2023\/09\/245794328-400x300.jpg 400w, https:\/\/bali.day\/wp-content\/uploads\/2023\/09\/245794328-300x225.jpg 300w, https:\/\/bali.day\/wp-content\/uploads\/2023\/09\/245794328-1024x768.jpg 1024w, https:\/\/bali.day\/wp-content\/uploads\/2023\/09\/245794328-768x576.jpg 768w, https:\/\/bali.day\/wp-content\/uploads\/2023\/09\/245794328-16x12.jpg 16w, https:\/\/bali.day\/wp-content\/uploads\/2023\/09\/245794328-408x306.jpg 408w, https:\/\/bali.day\/wp-content\/uploads\/2023\/09\/245794328-711x533.jpg 711w, https:\/\/bali.day\/wp-content\/uploads\/2023\/09\/245794328-600x450.jpg 600w, https:\/\/bali.day\/wp-content\/uploads\/2023\/09\/245794328.jpg 1200w\" sizes=\"(max-width: 400px) 100vw, 400px\" \/><\/figure><\/a><div class=\"details hide-rating\"><div class='item-header'><h3><a href=\"https:\/\/bali.day\/fr\/stay\/danke-lodge\/\" title=\"Danke Lodge\">Danke Lodge<\/a><\/h3><\/div>\t\t<div class=\"item_price\" style=\"display:none\">\n\t\t\tDepuis\t\t\t\t\t\t<span class=\"price\">\n\t\t\t\t<em>\n\t\t\t\t\t\t\t\t<span class=\"curr\"><\/span>\n\t\t\t\t<span class=\"amount\"><\/span>\n\t\t\t\t\t\t\t\t<\/em>\n\t\t\t<\/span>\n\t\t\t\t<\/div>\n\t\t<div class='post-type description'><\/div><div class='actions'><a href='https:\/\/bali.day\/fr\/stay\/danke-lodge\/' class='gradient-button edit-entity'  data-id='32820'  title='Book now'>Book now<\/a><\/div><\/div><!--\/\/details--><a href=\"https:\/\/bali.day\/fr\/stay\/danke-lodge\/\" class=\"overlay-link\"><\/a><\/div><\/article><!--\/\/accommodation_item--><article data-accommodation-id=\"32843\" class=\"accommodation_item full-width\"><div><a href=\"https:\/\/bali.day\/fr\/stay\/g-rima-home-stay\/\" title=\"S\u00e9jour chez l&#039;habitant G-Rima\"><figure><img decoding=\"async\" width=\"400\" height=\"300\" src=\"https:\/\/bali.day\/wp-content\/uploads\/2023\/09\/g-rima-400x300.jpg\" class=\"attachment-thumbnail size-thumbnail wp-post-image\" alt=\"\" title=\"g-rima\" \/><\/figure><\/a><div class=\"details hide-rating\"><div class='item-header'><h3><a href=\"https:\/\/bali.day\/fr\/stay\/g-rima-home-stay\/\" title=\"S\u00e9jour chez l&#039;habitant G-Rima\">S\u00e9jour chez l&#039;habitant G-Rima<\/a><\/h3>\t\t<span class=\"address\">\n\t\t\tJl.Trans Flores, Golo Bilas _ Kaper, 87111 Labuan Bajo\t\t<\/span>\n\t\t<\/div>\t\t<div class=\"item_price\" style=\"display:none\">\n\t\t\tDepuis\t\t\t\t\t\t<span class=\"price\">\n\t\t\t\t<em>\n\t\t\t\t\t\t\t\t<span class=\"curr\"><\/span>\n\t\t\t\t<span class=\"amount\"><\/span>\n\t\t\t\t\t\t\t\t<\/em>\n\t\t\t<\/span>\n\t\t\t\t<\/div>\n\t\t<div class='post-type description'><div class=\"description\">\n<div class=\"text-wrap\">\n<p>Situ\u00e9 \u00e0 Labuan Bajo, dans la r\u00e9gion de Nusa Tenggara Timur, le G-Rima Home Stay propose des h\u00e9bergements avec connexion Wi-Fi et parking priv\u00e9 gratuits.<\/p>\n<p>Certains logements sont climatis\u00e9s et comprennent une terrasse et\/ou un balcon, ainsi qu&#039;un coin salon.<\/p>\n<p>Lors de votre s\u00e9jour chez l&#039;habitant, vous pourrez d\u00e9guster un petit-d\u00e9jeuner continental.<\/p>\n<p>Le G-Rima Home Stay poss\u00e8de une aire de jeux pour enfants.<\/p>\n<p>Un service de location de v\u00e9los et un service de location de voitures sont disponibles sur place.<\/p>\n<p>L&#039;a\u00e9roport international de Komodo, le plus proche, est implant\u00e9 \u00e0 4 km du G-Rima Home Stay. L&#039;\u00e9tablissement propose un service de navette a\u00e9roport payant.<\/p>\n<\/div>\n<\/div>\n<\/div><div class='actions'><a href='https:\/\/bali.day\/fr\/stay\/g-rima-home-stay\/' class='gradient-button edit-entity'  data-id='32843'  title='Book now'>Book now<\/a><\/div><\/div><!--\/\/details--><a href=\"https:\/\/bali.day\/fr\/stay\/g-rima-home-stay\/\" class=\"overlay-link\"><\/a><\/div><\/article><!--\/\/accommodation_item--><article data-accommodation-id=\"32846\" class=\"accommodation_item full-width\"><div><a href=\"https:\/\/bali.day\/fr\/stay\/guest-house-d-valeri\/\" title=\"Maison d&#039;h\u00f4tes d Valeri\"><figure><img decoding=\"async\" src=\"https:\/\/bali.day\/wp-content\/themes\/BookYourTravel\/images\/uploads\/img.jpg\" height=\"400\" width=\"300\" title=\"Maison d&#039;h\u00f4tes d Valeri\" \/><\/figure><\/a><div class=\"details hide-rating\"><div class='item-header'><h3><a href=\"https:\/\/bali.day\/fr\/stay\/guest-house-d-valeri\/\" title=\"Maison d&#039;h\u00f4tes d Valeri\">Maison d&#039;h\u00f4tes d Valeri<\/a><\/h3><\/div>\t\t<div class=\"item_price\" style=\"display:none\">\n\t\t\tDepuis\t\t\t\t\t\t<span class=\"price\">\n\t\t\t\t<em>\n\t\t\t\t\t\t\t\t<span class=\"curr\"><\/span>\n\t\t\t\t<span class=\"amount\"><\/span>\n\t\t\t\t\t\t\t\t<\/em>\n\t\t\t<\/span>\n\t\t\t\t<\/div>\n\t\t<div class='post-type description'><\/div><div class='actions'><a href='https:\/\/bali.day\/fr\/stay\/guest-house-d-valeri\/' class='gradient-button edit-entity'  data-id='32846'  title='Book now'>Book now<\/a><\/div><\/div><!--\/\/details--><a href=\"https:\/\/bali.day\/fr\/stay\/guest-house-d-valeri\/\" class=\"overlay-link\"><\/a><\/div><\/article><!--\/\/accommodation_item--><article data-accommodation-id=\"32848\" class=\"accommodation_item full-width\"><div><a href=\"https:\/\/bali.day\/fr\/stay\/sten-lodge-eco-homestay\/\" title=\"Sten Lodge chez l&#039;habitant \u00e9cologique\"><figure><img loading=\"lazy\" decoding=\"async\" width=\"400\" height=\"300\" src=\"https:\/\/bali.day\/wp-content\/uploads\/2023\/09\/Sten-Lodge-eco-Homestay-400x300.jpg\" class=\"attachment-thumbnail size-thumbnail wp-post-image\" alt=\"\" title=\"Sten Lodge chez l&#039;habitant \u00e9cologique\" srcset=\"https:\/\/bali.day\/wp-content\/uploads\/2023\/09\/Sten-Lodge-eco-Homestay-400x300.jpg 400w, https:\/\/bali.day\/wp-content\/uploads\/2023\/09\/Sten-Lodge-eco-Homestay-300x225.jpg 300w, https:\/\/bali.day\/wp-content\/uploads\/2023\/09\/Sten-Lodge-eco-Homestay-1024x768.jpg 1024w, https:\/\/bali.day\/wp-content\/uploads\/2023\/09\/Sten-Lodge-eco-Homestay-768x576.jpg 768w, https:\/\/bali.day\/wp-content\/uploads\/2023\/09\/Sten-Lodge-eco-Homestay-16x12.jpg 16w, https:\/\/bali.day\/wp-content\/uploads\/2023\/09\/Sten-Lodge-eco-Homestay-408x306.jpg 408w, https:\/\/bali.day\/wp-content\/uploads\/2023\/09\/Sten-Lodge-eco-Homestay-711x533.jpg 711w, https:\/\/bali.day\/wp-content\/uploads\/2023\/09\/Sten-Lodge-eco-Homestay-600x450.jpg 600w, https:\/\/bali.day\/wp-content\/uploads\/2023\/09\/Sten-Lodge-eco-Homestay.jpg 1200w\" sizes=\"(max-width: 400px) 100vw, 400px\" \/><\/figure><\/a><div class=\"details hide-rating\"><div class='item-header'><h3><a href=\"https:\/\/bali.day\/fr\/stay\/sten-lodge-eco-homestay\/\" title=\"Sten Lodge chez l&#039;habitant \u00e9cologique\">Sten Lodge chez l&#039;habitant \u00e9cologique<\/a><\/h3><\/div>\t\t<div class=\"item_price\" style=\"display:none\">\n\t\t\tDepuis\t\t\t\t\t\t<span class=\"price\">\n\t\t\t\t<em>\n\t\t\t\t\t\t\t\t<span class=\"curr\"><\/span>\n\t\t\t\t<span class=\"amount\"><\/span>\n\t\t\t\t\t\t\t\t<\/em>\n\t\t\t<\/span>\n\t\t\t\t<\/div>\n\t\t<div class='post-type description'><div id=\"summary\" class=\"hotel_description_review_display\">\n<div id=\"property_description_content\">\n<div>\n<div class=\"a53cbfa6de ca93961ea0\"><\/div>\n<p class=\"a53cbfa6de b3efd73f69\">Offrant une vue sur la cour int\u00e9rieure, le Sten Lodge eco Homestay est situ\u00e9 \u00e0 Labuan Bajo et dispose d&#039;un restaurant et d&#039;une bagagerie. Certains logements comprennent une terrasse et\/ou un balcon avec vue sur la montagne ou le jardin. Le petit-d\u00e9jeuner est servi tous les jours et comprend des plats asiatiques, v\u00e9g\u00e9tariens et v\u00e9g\u00e9taliens. Ce s\u00e9jour chez l&#039;habitant dispose d&#039;une chemin\u00e9e ext\u00e9rieure. Vous pourrez vous d\u00e9tendre dans le jardin de l&#039;\u00e9tablissement. L&#039;a\u00e9roport international de Komodo, le plus proche, est implant\u00e9 \u00e0 18 km.<\/p>\n<\/div>\n<\/div>\n<\/div>\n<\/div><div class='actions'><a href='https:\/\/bali.day\/fr\/stay\/sten-lodge-eco-homestay\/' class='gradient-button edit-entity'  data-id='32848'  title='Book now'>Book now<\/a><\/div><\/div><!--\/\/details--><a href=\"https:\/\/bali.day\/fr\/stay\/sten-lodge-eco-homestay\/\" class=\"overlay-link\"><\/a><\/div><\/article><!--\/\/accommodation_item--><\/div><!--row--><\/div><!--deals--><\/div>\n<p><div class=\"widget widget-sidebar\"><article data-accommodation-id=\"256\" class=\"accommodation_item single-card\"><div><div class=\"details hide-actions hide-address hide-rating\"><div class='item-header'><h3><\/h3><\/div>\t\t<div class=\"item_price\" style=\"display:none\">\n\t\t\tDepuis\t\t\t\t\t\t<span class=\"price\">\n\t\t\t\t<em>\n\t\t\t\t\t\t\t\t<span class=\"curr\"><\/span>\n\t\t\t\t<span class=\"amount\"><\/span>\n\t\t\t\t\t\t\t\t<\/em>\n\t\t\t<\/span>\n\t\t\t\t<\/div>\n\t\t<div class='post-type description'><\/div><\/div><!--\/\/details--><a href=\"\" class=\"overlay-link\"><\/a><\/div><\/article><!--\/\/accommodation_item--><\/div><div class=\"widget widget-sidebar\"><article data-tour-id=\"338\" class=\"tour_item single-card\"><div><div class=\"details hide-actions hide-rating hide-address\"><div class='item-header'><h3><\/h3><\/div>\t\t<div class=\"item_price\" style=\"display:none\">\n\t\t\tDepuis\t\t\t\t\t\t<span class=\"price\">\n\t\t\t\t<em>\n\t\t\t\t\t\t\t\t<span class=\"curr\"><\/span>\n\t\t\t\t<span class=\"amount\"><\/span>\n\t\t\t\t\t\t\t\t<\/em>\n\t\t\t<\/span>\n\t\t\t\t<\/div>\n\t\t<div class='post-type description'><\/div><\/div><!--\/\/details--><a href=\"\" class=\"overlay-link\"><\/a><\/div><\/article><!--\/\/tour_item--><\/div><\/p>","protected":false},"excerpt":{"rendered":"","protected":false},"author":1,"featured_media":0,"parent":0,"menu_order":0,"comment_status":"closed","ping_status":"closed","template":"page-blank.php","meta":{"footnotes":""},"class_list":["post-31271","page","type-page","status-publish","hentry"],"_links":{"self":[{"href":"https:\/\/bali.day\/fr\/wp-json\/wp\/v2\/pages\/31271","targetHints":{"allow":["GET"]}}],"collection":[{"href":"https:\/\/bali.day\/fr\/wp-json\/wp\/v2\/pages"}],"about":[{"href":"https:\/\/bali.day\/fr\/wp-json\/wp\/v2\/types\/page"}],"author":[{"embeddable":true,"href":"https:\/\/bali.day\/fr\/wp-json\/wp\/v2\/users\/1"}],"replies":[{"embeddable":true,"href":"https:\/\/bali.day\/fr\/wp-json\/wp\/v2\/comments?post=31271"}],"version-history":[{"count":0,"href":"https:\/\/bali.day\/fr\/wp-json\/wp\/v2\/pages\/31271\/revisions"}],"wp:attachment":[{"href":"https:\/\/bali.day\/fr\/wp-json\/wp\/v2\/media?parent=31271"}],"curies":[{"name":"wp","href":"https:\/\/api.w.org\/{rel}","templated":true}]}}