{"id":30072,"date":"2022-08-08T20:48:18","date_gmt":"2022-08-08T18:48:18","guid":{"rendered":"http:\/\/bali.day\/?page_id=30072"},"modified":"2024-11-17T10:46:39","modified_gmt":"2024-11-17T02:46:39","slug":"general-terms-conditions","status":"publish","type":"page","link":"https:\/\/bali.day\/fr\/general-terms-conditions\/","title":{"rendered":"Conditions g\u00e9n\u00e9rales"},"content":{"rendered":"<pre class=\"wp-block-code\"><code>Si vous envisagez de faire une excursion d&#039;une journ\u00e9e \u00e0 Bali, vous devez savoir certaines choses importantes. La premi\u00e8re chose \u00e0 savoir est que le prix de l&#039;excursion comprend g\u00e9n\u00e9ralement le transport, le d\u00e9jeuner et les droits d&#039;entr\u00e9e aux attractions incluses dans l&#039;itin\u00e9raire. Cependant, il n&#039;inclut pas les articles tels que les souvenirs, les d\u00e9penses personnelles et les pourboires. Il est \u00e9galement important de savoir que la plupart des excursions d&#039;une journ\u00e9e \u00e0 Bali sont consid\u00e9r\u00e9es comme des excursions d&#039;une journ\u00e9e compl\u00e8te, elles commencent donc g\u00e9n\u00e9ralement tr\u00e8s t\u00f4t le matin et se terminent le soir. Si vous avez des demandes sp\u00e9ciales ou si vous devez apporter des modifications \u00e0 l&#039;itin\u00e9raire, vous devez en informer le voyagiste d\u00e8s que possible. De plus, il est important de se rappeler que certaines des attractions incluses dans le circuit peuvent avoir un acc\u00e8s restreint aux femmes enceintes et aux enfants de moins d&#039;un certain \u00e2ge. Par cons\u00e9quent, si vous ou un membre de votre groupe tombez dans l&#039;une de ces cat\u00e9gories, veuillez en informer le voyagiste \u00e0 l&#039;avance.<\/code><\/pre>\n\n\n\n<div data-wp-interactive=\"core\/file\" class=\"wp-block-file\"><object data-wp-bind--hidden=\"!state.hasPdfPreview\" hidden class=\"wp-block-file__embed\" data=\"http:\/\/bali.day\/wp-content\/uploads\/2022\/08\/GTC.pdf\" type=\"application\/pdf\" style=\"width:100%;height:600px\" aria-label=\"Contenu embarqu\u00e9 GTC.\"><\/object><a id=\"wp-block-file--media-02c1b937-dd19-47c2-affe-bb66444589a8\" href=\"http:\/\/bali.day\/wp-content\/uploads\/2022\/08\/GTC.pdf\">CGV<\/a><a href=\"http:\/\/bali.day\/wp-content\/uploads\/2022\/08\/GTC.pdf\" class=\"wp-block-file__button wp-element-button\" download aria-describedby=\"wp-block-file--media-02c1b937-dd19-47c2-affe-bb66444589a8\">T\u00e9l\u00e9charger<\/a><\/div>","protected":false},"excerpt":{"rendered":"","protected":false},"author":1,"featured_media":0,"parent":0,"menu_order":0,"comment_status":"closed","ping_status":"closed","template":"","meta":{"footnotes":""},"class_list":["post-30072","page","type-page","status-publish","hentry"],"_links":{"self":[{"href":"https:\/\/bali.day\/fr\/wp-json\/wp\/v2\/pages\/30072","targetHints":{"allow":["GET"]}}],"collection":[{"href":"https:\/\/bali.day\/fr\/wp-json\/wp\/v2\/pages"}],"about":[{"href":"https:\/\/bali.day\/fr\/wp-json\/wp\/v2\/types\/page"}],"author":[{"embeddable":true,"href":"https:\/\/bali.day\/fr\/wp-json\/wp\/v2\/users\/1"}],"replies":[{"embeddable":true,"href":"https:\/\/bali.day\/fr\/wp-json\/wp\/v2\/comments?post=30072"}],"version-history":[{"count":0,"href":"https:\/\/bali.day\/fr\/wp-json\/wp\/v2\/pages\/30072\/revisions"}],"wp:attachment":[{"href":"https:\/\/bali.day\/fr\/wp-json\/wp\/v2\/media?parent=30072"}],"curies":[{"name":"wp","href":"https:\/\/api.w.org\/{rel}","templated":true}]}}