{"id":28963,"date":"2022-04-13T20:08:39","date_gmt":"2022-04-13T18:08:39","guid":{"rendered":"http:\/\/bali.day\/canggu\/"},"modified":"2024-11-18T21:39:41","modified_gmt":"2024-11-18T13:39:41","slug":"canggu","status":"publish","type":"page","link":"https:\/\/bali.day\/fr\/canggu\/","title":{"rendered":"Canggu et Berawa\u00a0: le paradis boh\u00e8me de Bali"},"content":{"rendered":"<p><h2 style=\"text-align: center;\">Canggu et Berawa\u00a0: le paradis boh\u00e8me de Bali<\/h2>\n<p>&nbsp;<\/p>\n<p>Imaginez un endroit o\u00f9 vous pouvez surfer sur des vagues parfaites le matin, prendre un d\u00e9licieux petit-d\u00e9jeuner avec vue sur les rizi\u00e8res et terminer la journ\u00e9e avec un coucher de soleil magique dans un bar de plage. Cela ressemble au paradis, n&#039;est-ce pas ? Eh bien, cet endroit existe, et il s&#039;appelle Canggu (et son voisin, Berawa), sur l&#039;incroyable \u00eele de Bali.<\/p><\/p>\n\n\n\n<p>Oubliez les gratte-ciels et le bruit. \u00c0 Canggu, de charmantes rues vous attendent, remplies de boutiques d&#039;artisans, de caf\u00e9s branch\u00e9s et de gens du monde entier qui aiment la vie. Vous aimez le yoga ? Vous trouverez des studios partout ! Envie d&#039;aventure ? Explorez l&#039;\u00eele en moto ou faites du rafting !<\/p>\n\n\n\n<p>Et si vous \u00eates gourmand, pr\u00e9parez-vous \u00e0 ravir vos papilles. Des warungs traditionnels (petits restaurants locaux) aux restaurants internationaux, Canggu a de quoi satisfaire tout le monde. N&#039;oubliez pas de go\u00fbter aux fameux smoothies bowls, une explosion d&#039;\u00e9nergie fruit\u00e9e !<\/p>\n\n\n\n<p>Mais Canggu ne se r\u00e9sume pas seulement \u00e0 ses plages et \u00e0 ses divertissements. Elle poss\u00e8de \u00e9galement un c\u00f4t\u00e9 spirituel tr\u00e8s particulier. Vous pourrez visiter des temples anciens comme Tanah Lot, un lieu magique construit sur un rocher dans la mer, ou vous perdre dans les rizi\u00e8res verdoyantes.<\/p>\n\n\n\n<p>Imaginez-vous en train de vous promener le long de la plage avec une planche de surf sous le bras ou de siroter une noix de coco fra\u00eeche tout en profitant du soleil. Canggu offre tout cela et bien plus encore. Venez d\u00e9couvrir ce coin de Bali qui vous fera fondre !<\/p>\n\n\n\n<p><p>&nbsp;<\/p>\n<p>Choses \u00e0 faire :<\/p>\n<p>&nbsp;<\/p><\/p>\n\n\n\n<p><p>Le bonheur de la plage : d\u00e9tendez-vous sur les plages de sable noir d&#039;Echo Beach, Batu Bolong ou Berawa Beach. Profitez du soleil, nagez ou profitez simplement de l&#039;atmosph\u00e8re d\u00e9contract\u00e9e.<br>Surf&#039;s Up : De nombreuses \u00e9coles de surf et locations de planches s&#039;adressent \u00e0 tous les niveaux. Des instructeurs exp\u00e9riment\u00e9s peuvent vous guider depuis votre premi\u00e8re vague jusqu&#039;\u00e0 la pratique du surf comme un pro.<br>Caf\u00e9 en caf\u00e9 : laissez-vous tenter par la culture florissante des caf\u00e9s de Canggu. Profitez d&#039;options de brunch saines, de caf\u00e9s de sp\u00e9cialit\u00e9 et de jus de fruits frais.<br>Yoga Time : Rejoignez un cours de yoga \u00e0 The Practice, Serenity Yoga ou Desa Seni. De nombreux studios proposent des cours et des ateliers \u00e0 la carte.<br>Faites du shopping jusqu&#039;\u00e0 \u00e9puisement : d\u00e9couvrez des tr\u00e9sors uniques dans les boutiques et magasins de Canggu. Trouvez des bijoux, des v\u00eatements, des articles pour la maison et des souvenirs fabriqu\u00e9s \u00e0 la main.<br>Temple de Tanah Lot : admirez l&#039;embl\u00e9matique temple marin perch\u00e9 sur une formation rocheuse spectaculaire, particuli\u00e8rement magique au coucher du soleil.<\/p>\n<p>Vie nocturne anim\u00e9e : Canggu offre une vie nocturne anim\u00e9e. Profitez de la musique live, des DJ et des cocktails dans les clubs de plage comme La Favela et The Lawn.<br>Plaisir du spa : d\u00e9tendez-vous avec un massage balinais traditionnel au Therapy Canggu ou au Amo Spa.<br>Se d\u00e9placer :<\/p><\/p>\n\n\n\n<p>Scooter : Louer un scooter est le moyen le plus populaire d&#039;explorer Canggu et Berawa.<br>Gojek\/Grab : ces applications de covoiturage offrent un transport pratique et abordable.<br>Taxi : Les taxis sont facilement disponibles, mais n\u00e9gociez le tarif avant votre course.<br>O\u00f9 loger :<\/p>\n\n\n\n<p>Canggu et Berawa offrent un large choix d&#039;h\u00e9bergements, des auberges et maisons d&#039;h\u00f4tes \u00e9conomiques aux villas luxueuses et aux h\u00f4tels de charme. Les choix les plus populaires incluent :<\/p>\n\n\n\n<p>Theanna Eco Villa and Spa : une oasis de tranquillit\u00e9 avec des pratiques respectueuses de l&#039;environnement.<br>Frii Hotel Canggu : H\u00f4tel \u00e9l\u00e9gant et moderne avec piscine sur le toit.<br>Serenity Eco Guesthouse : Maison d&#039;h\u00f4tes de charme ax\u00e9e sur la durabilit\u00e9.<br>Kos One Hostel : Auberge sociale avec une atmosph\u00e8re anim\u00e9e.<\/p>\n\n\n<div class=\"twer-map-wrapper treweler-map-fw\" ><div class=\"twer-iframe-embed\" style=\"height:500px;\"><iframe loading=\"lazy\" class=\"twer-iframe\" src=\"https:\/\/bali.day\/fr\/treweler-map\/canggu\/?twer-index=1&#038;twer-map-id=29796&#038;twer-height=500px&#038;twer-type=fullwidth&#038;twer-scrollzoom=yes&#038;twer-zoombygesture=all&#038;twer-width&#038;twer-lat&#038;twer-lon&#038;twer-zoom&#038;twer-root-id=28963&#038;tw=iframe\"  frameborder=\"0\" title=\"Carte de Treweler\"><\/iframe><\/div><\/div>","protected":false},"excerpt":{"rendered":"<p>Canggu &amp; Berawa: Bali&#8217;s Bohemian Paradise &nbsp; Imagine a place where you can surf perfect waves in the morning, grab a delicious breakfast overlooking rice paddies, and end the day with a magical sunset at a beach bar. Sounds like paradise, right? Well, that place exists, and it&#8217;s called Canggu (and its neighbor, Berawa), on [&hellip;]<\/p>\n","protected":false},"author":1,"featured_media":0,"parent":0,"menu_order":2,"comment_status":"closed","ping_status":"closed","template":"page-blank.php","meta":{"footnotes":""},"class_list":["post-28963","page","type-page","status-publish","hentry"],"_links":{"self":[{"href":"https:\/\/bali.day\/fr\/wp-json\/wp\/v2\/pages\/28963","targetHints":{"allow":["GET"]}}],"collection":[{"href":"https:\/\/bali.day\/fr\/wp-json\/wp\/v2\/pages"}],"about":[{"href":"https:\/\/bali.day\/fr\/wp-json\/wp\/v2\/types\/page"}],"author":[{"embeddable":true,"href":"https:\/\/bali.day\/fr\/wp-json\/wp\/v2\/users\/1"}],"replies":[{"embeddable":true,"href":"https:\/\/bali.day\/fr\/wp-json\/wp\/v2\/comments?post=28963"}],"version-history":[{"count":0,"href":"https:\/\/bali.day\/fr\/wp-json\/wp\/v2\/pages\/28963\/revisions"}],"wp:attachment":[{"href":"https:\/\/bali.day\/fr\/wp-json\/wp\/v2\/media?parent=28963"}],"curies":[{"name":"wp","href":"https:\/\/api.w.org\/{rel}","templated":true}]}}