{"id":33280,"date":"2024-07-16T19:18:02","date_gmt":"2024-07-16T11:18:02","guid":{"rendered":"https:\/\/bali.day\/?page_id=33280"},"modified":"2024-07-16T19:55:54","modified_gmt":"2024-07-16T11:55:54","slug":"organized-tours","status":"publish","type":"page","link":"https:\/\/bali.day\/es\/organized-tours\/","title":{"rendered":"Tours Organizados"},"content":{"rendered":"<p>\u00a1Bienvenido a nuestra colecci\u00f3n curada de tours organizados, dise\u00f1ados para revelar las diversas maravillas de Bali!<\/p>\n\n\n\n<p>Ya sea que anhele la aventura, busque la inmersi\u00f3n cultural o anhele una relajaci\u00f3n serena, nuestros itinerarios meticulosamente elaborados satisfacen los deseos de cada viajero.<\/p>\n\n\n\n<p>Explora para descubrir una amplia gama de experiencias.<\/p>","protected":false},"excerpt":{"rendered":"<p>\u00a1Bienvenido a nuestra colecci\u00f3n de tours organizados cuidadosamente seleccionados, dise\u00f1ados para descubrir las diversas maravillas de Bali! Ya sea que busque aventuras, inmersi\u00f3n cultural o anhele una relajaci\u00f3n serena, nuestros itinerarios meticulosamente dise\u00f1ados satisfacen los deseos de cada viajero. Explore para descubrir una amplia gama de experiencias<\/p>","protected":false},"author":1,"featured_media":0,"parent":0,"menu_order":0,"comment_status":"closed","ping_status":"closed","template":"","meta":{"footnotes":""},"class_list":["post-33280","page","type-page","status-publish","hentry"],"_links":{"self":[{"href":"https:\/\/bali.day\/es\/wp-json\/wp\/v2\/pages\/33280","targetHints":{"allow":["GET"]}}],"collection":[{"href":"https:\/\/bali.day\/es\/wp-json\/wp\/v2\/pages"}],"about":[{"href":"https:\/\/bali.day\/es\/wp-json\/wp\/v2\/types\/page"}],"author":[{"embeddable":true,"href":"https:\/\/bali.day\/es\/wp-json\/wp\/v2\/users\/1"}],"replies":[{"embeddable":true,"href":"https:\/\/bali.day\/es\/wp-json\/wp\/v2\/comments?post=33280"}],"version-history":[{"count":0,"href":"https:\/\/bali.day\/es\/wp-json\/wp\/v2\/pages\/33280\/revisions"}],"wp:attachment":[{"href":"https:\/\/bali.day\/es\/wp-json\/wp\/v2\/media?parent=33280"}],"curies":[{"name":"wp","href":"https:\/\/api.w.org\/{rel}","templated":true}]}}