{"id":31271,"date":"2023-01-07T05:31:05","date_gmt":"2023-01-07T04:31:05","guid":{"rendered":"http:\/\/bali.day\/?page_id=31271"},"modified":"2023-01-07T05:31:07","modified_gmt":"2023-01-07T04:31:07","slug":"home-travel-agency-template","status":"publish","type":"page","link":"https:\/\/bali.day\/es\/home-travel-agency-template\/","title":{"rendered":"Home Travel Agency template"},"content":{"rendered":"<div class=\"widget widget-sidebar\"><div class=\"s-title\"><h2><\/h2><\/div><div style='display:none' class='query'>SELECT SQL_CALC_FOUND_ROWS  wp_posts.*, 1 rooms_available, 0 rooms_booked , IFNULL((SELECT price_meta2.meta_value + 0 FROM wp_postmeta price_meta2  WHERE price_meta2.post_id=wp_posts.ID  AND price_meta2.meta_key='_accommodation_min_price:2026-04-10:2028-04-10' LIMIT 1), 0) accommodation_price , IFNULL((SELECT price_meta3.meta_value + 0 FROM wp_postmeta price_meta3  WHERE price_meta3.post_id=wp_posts.ID  AND price_meta3.meta_key='accommodation_static_from_price' LIMIT 1), 0) accommodation_static_price \n\t\t\t\t\t FROM wp_posts \n\t\t\t\t\t WHERE 1=1  AND wp_posts.post_type = 'accommodation' AND ((wp_posts.post_status = 'publish'))\n\t\t\t\t\t GROUP BY  wp_posts.ID  HAVING 1=1 \n\t\t\t\t\t ORDER BY wp_posts.post_title ASC\n\t\t\t\t\t LIMIT 0, 4<\/div><div class=\"deals\"><div class=\"row\"><article data-accommodation-id=\"32820\" class=\"accommodation_item full-width\"><div><a href=\"https:\/\/bali.day\/es\/stay\/danke-lodge\/\" title=\"Danke Lodge\"><figure><img fetchpriority=\"high\" decoding=\"async\" width=\"400\" height=\"300\" src=\"https:\/\/bali.day\/wp-content\/uploads\/2023\/09\/245794328-400x300.jpg\" class=\"attachment-thumbnail size-thumbnail wp-post-image\" alt=\"\" title=\"Danke Lodge\" srcset=\"https:\/\/bali.day\/wp-content\/uploads\/2023\/09\/245794328-400x300.jpg 400w, https:\/\/bali.day\/wp-content\/uploads\/2023\/09\/245794328-300x225.jpg 300w, https:\/\/bali.day\/wp-content\/uploads\/2023\/09\/245794328-1024x768.jpg 1024w, https:\/\/bali.day\/wp-content\/uploads\/2023\/09\/245794328-768x576.jpg 768w, https:\/\/bali.day\/wp-content\/uploads\/2023\/09\/245794328-16x12.jpg 16w, https:\/\/bali.day\/wp-content\/uploads\/2023\/09\/245794328-408x306.jpg 408w, https:\/\/bali.day\/wp-content\/uploads\/2023\/09\/245794328-711x533.jpg 711w, https:\/\/bali.day\/wp-content\/uploads\/2023\/09\/245794328-600x450.jpg 600w, https:\/\/bali.day\/wp-content\/uploads\/2023\/09\/245794328.jpg 1200w\" sizes=\"(max-width: 400px) 100vw, 400px\" \/><\/figure><\/a><div class=\"details hide-rating\"><div class='item-header'><h3><a href=\"https:\/\/bali.day\/es\/stay\/danke-lodge\/\" title=\"Danke Lodge\">Danke Lodge<\/a><\/h3><\/div>\t\t<div class=\"item_price\" style=\"display:none\">\n\t\t\tEn\t\t\t\t\t\t<span class=\"price\">\n\t\t\t\t<em>\n\t\t\t\t\t\t\t\t<span class=\"curr\"><\/span>\n\t\t\t\t<span class=\"amount\"><\/span>\n\t\t\t\t\t\t\t\t<\/em>\n\t\t\t<\/span>\n\t\t\t\t<\/div>\n\t\t<div class='post-type description'><\/div><div class='actions'><a href='https:\/\/bali.day\/es\/stay\/danke-lodge\/' class='gradient-button edit-entity'  data-id='32820'  title='Book now'>Book now<\/a><\/div><\/div><!--\/\/details--><a href=\"https:\/\/bali.day\/es\/stay\/danke-lodge\/\" class=\"overlay-link\"><\/a><\/div><\/article><!--\/\/accommodation_item--><article data-accommodation-id=\"32843\" class=\"accommodation_item full-width\"><div><a href=\"https:\/\/bali.day\/es\/stay\/g-rima-home-stay\/\" title=\"Estancia en casa de G-Rima\"><figure><img decoding=\"async\" width=\"400\" height=\"300\" src=\"https:\/\/bali.day\/wp-content\/uploads\/2023\/09\/g-rima-400x300.jpg\" class=\"attachment-thumbnail size-thumbnail wp-post-image\" alt=\"\" title=\"g-rima\" \/><\/figure><\/a><div class=\"details hide-rating\"><div class='item-header'><h3><a href=\"https:\/\/bali.day\/es\/stay\/g-rima-home-stay\/\" title=\"Estancia en casa de G-Rima\">Estancia en casa de G-Rima<\/a><\/h3>\t\t<span class=\"address\">\n\t\t\tJl.Trans Flores, Golo Bilas _ Kaper, 87111 Labuan Bajo\t\t<\/span>\n\t\t<\/div>\t\t<div class=\"item_price\" style=\"display:none\">\n\t\t\tEn\t\t\t\t\t\t<span class=\"price\">\n\t\t\t\t<em>\n\t\t\t\t\t\t\t\t<span class=\"curr\"><\/span>\n\t\t\t\t<span class=\"amount\"><\/span>\n\t\t\t\t\t\t\t\t<\/em>\n\t\t\t<\/span>\n\t\t\t\t<\/div>\n\t\t<div class='post-type description'><div class=\"description\">\n<div class=\"text-wrap\">\n<p>El G-Rima Home Stay est\u00e1 situado en Labuan Bajo, en la regi\u00f3n de Nusa Tenggara Timur, y ofrece alojamiento con conexi\u00f3n WiFi gratuita y aparcamiento privado gratuito.<\/p>\n<p>Algunos alojamientos tienen aire acondicionado e incluyen terraza y\/o balc\u00f3n, as\u00ed como zona de estar.<\/p>\n<p>Los hu\u00e9spedes pueden disfrutar de un desayuno continental.<\/p>\n<p>El G-Rima Home Stay dispone de parque infantil.<\/p>\n<p>El alojamiento ofrece servicio de alquiler de bicicletas y de coches.<\/p>\n<p>El aeropuerto m\u00e1s cercano es el aeropuerto internacional de Komodo, a 4 km del G-Rima Home Stay. El establecimiento ofrece un servicio de enlace con el aeropuerto por un suplemento.<\/p>\n<\/div>\n<\/div>\n<\/div><div class='actions'><a href='https:\/\/bali.day\/es\/stay\/g-rima-home-stay\/' class='gradient-button edit-entity'  data-id='32843'  title='Book now'>Book now<\/a><\/div><\/div><!--\/\/details--><a href=\"https:\/\/bali.day\/es\/stay\/g-rima-home-stay\/\" class=\"overlay-link\"><\/a><\/div><\/article><!--\/\/accommodation_item--><article data-accommodation-id=\"32846\" class=\"accommodation_item full-width\"><div><a href=\"https:\/\/bali.day\/es\/stay\/guest-house-d-valeri\/\" title=\"Casa de hu\u00e9spedes d Valeri\"><figure><img decoding=\"async\" src=\"https:\/\/bali.day\/wp-content\/themes\/BookYourTravel\/images\/uploads\/img.jpg\" height=\"400\" width=\"300\" title=\"Casa de hu\u00e9spedes d Valeri\" \/><\/figure><\/a><div class=\"details hide-rating\"><div class='item-header'><h3><a href=\"https:\/\/bali.day\/es\/stay\/guest-house-d-valeri\/\" title=\"Casa de hu\u00e9spedes d Valeri\">Casa de hu\u00e9spedes d Valeri<\/a><\/h3><\/div>\t\t<div class=\"item_price\" style=\"display:none\">\n\t\t\tEn\t\t\t\t\t\t<span class=\"price\">\n\t\t\t\t<em>\n\t\t\t\t\t\t\t\t<span class=\"curr\"><\/span>\n\t\t\t\t<span class=\"amount\"><\/span>\n\t\t\t\t\t\t\t\t<\/em>\n\t\t\t<\/span>\n\t\t\t\t<\/div>\n\t\t<div class='post-type description'><\/div><div class='actions'><a href='https:\/\/bali.day\/es\/stay\/guest-house-d-valeri\/' class='gradient-button edit-entity'  data-id='32846'  title='Book now'>Book now<\/a><\/div><\/div><!--\/\/details--><a href=\"https:\/\/bali.day\/es\/stay\/guest-house-d-valeri\/\" class=\"overlay-link\"><\/a><\/div><\/article><!--\/\/accommodation_item--><article data-accommodation-id=\"32848\" class=\"accommodation_item full-width\"><div><a href=\"https:\/\/bali.day\/es\/stay\/sten-lodge-eco-homestay\/\" title=\"Sten Lodge alojamiento familiar ecol\u00f3gico\"><figure><img loading=\"lazy\" decoding=\"async\" width=\"400\" height=\"300\" src=\"https:\/\/bali.day\/wp-content\/uploads\/2023\/09\/Sten-Lodge-eco-Homestay-400x300.jpg\" class=\"attachment-thumbnail size-thumbnail wp-post-image\" alt=\"\" title=\"Sten Lodge alojamiento familiar ecol\u00f3gico\" srcset=\"https:\/\/bali.day\/wp-content\/uploads\/2023\/09\/Sten-Lodge-eco-Homestay-400x300.jpg 400w, https:\/\/bali.day\/wp-content\/uploads\/2023\/09\/Sten-Lodge-eco-Homestay-300x225.jpg 300w, https:\/\/bali.day\/wp-content\/uploads\/2023\/09\/Sten-Lodge-eco-Homestay-1024x768.jpg 1024w, https:\/\/bali.day\/wp-content\/uploads\/2023\/09\/Sten-Lodge-eco-Homestay-768x576.jpg 768w, https:\/\/bali.day\/wp-content\/uploads\/2023\/09\/Sten-Lodge-eco-Homestay-16x12.jpg 16w, https:\/\/bali.day\/wp-content\/uploads\/2023\/09\/Sten-Lodge-eco-Homestay-408x306.jpg 408w, https:\/\/bali.day\/wp-content\/uploads\/2023\/09\/Sten-Lodge-eco-Homestay-711x533.jpg 711w, https:\/\/bali.day\/wp-content\/uploads\/2023\/09\/Sten-Lodge-eco-Homestay-600x450.jpg 600w, https:\/\/bali.day\/wp-content\/uploads\/2023\/09\/Sten-Lodge-eco-Homestay.jpg 1200w\" sizes=\"(max-width: 400px) 100vw, 400px\" \/><\/figure><\/a><div class=\"details hide-rating\"><div class='item-header'><h3><a href=\"https:\/\/bali.day\/es\/stay\/sten-lodge-eco-homestay\/\" title=\"Sten Lodge alojamiento familiar ecol\u00f3gico\">Sten Lodge alojamiento familiar ecol\u00f3gico<\/a><\/h3><\/div>\t\t<div class=\"item_price\" style=\"display:none\">\n\t\t\tEn\t\t\t\t\t\t<span class=\"price\">\n\t\t\t\t<em>\n\t\t\t\t\t\t\t\t<span class=\"curr\"><\/span>\n\t\t\t\t<span class=\"amount\"><\/span>\n\t\t\t\t\t\t\t\t<\/em>\n\t\t\t<\/span>\n\t\t\t\t<\/div>\n\t\t<div class='post-type description'><div id=\"summary\" class=\"hotel_description_review_display\">\n<div id=\"property_description_content\">\n<div>\n<div class=\"a53cbfa6de ca93961ea0\"><\/div>\n<p class=\"a53cbfa6de b3efd73f69\">El Sten Lodge eco Homestay se encuentra en Labuan Bajo y ofrece vistas al patio interior, restaurante y consigna de equipaje. Algunos alojamientos incluyen terraza y\/o balc\u00f3n con vistas a la monta\u00f1a o al jard\u00edn. El desayuno est\u00e1 disponible todos los d\u00edas e incluye opciones asi\u00e1ticas, vegetarianas y veganas. El alojamiento familiar tiene una chimenea al aire libre. Los hu\u00e9spedes podr\u00e1n relajarse en el jard\u00edn del establecimiento. El aeropuerto m\u00e1s cercano es el aeropuerto internacional de Komodo, situado a 17 km del Sten Lodge eco Homestay.<\/p>\n<\/div>\n<\/div>\n<\/div>\n<\/div><div class='actions'><a href='https:\/\/bali.day\/es\/stay\/sten-lodge-eco-homestay\/' class='gradient-button edit-entity'  data-id='32848'  title='Book now'>Book now<\/a><\/div><\/div><!--\/\/details--><a href=\"https:\/\/bali.day\/es\/stay\/sten-lodge-eco-homestay\/\" class=\"overlay-link\"><\/a><\/div><\/article><!--\/\/accommodation_item--><\/div><!--row--><\/div><!--deals--><\/div>\n<p><div class=\"widget widget-sidebar\"><article data-accommodation-id=\"256\" class=\"accommodation_item single-card\"><div><div class=\"details hide-actions hide-address hide-rating\"><div class='item-header'><h3><\/h3><\/div>\t\t<div class=\"item_price\" style=\"display:none\">\n\t\t\tEn\t\t\t\t\t\t<span class=\"price\">\n\t\t\t\t<em>\n\t\t\t\t\t\t\t\t<span class=\"curr\"><\/span>\n\t\t\t\t<span class=\"amount\"><\/span>\n\t\t\t\t\t\t\t\t<\/em>\n\t\t\t<\/span>\n\t\t\t\t<\/div>\n\t\t<div class='post-type description'><\/div><\/div><!--\/\/details--><a href=\"\" class=\"overlay-link\"><\/a><\/div><\/article><!--\/\/accommodation_item--><\/div><div class=\"widget widget-sidebar\"><article data-tour-id=\"338\" class=\"tour_item single-card\"><div><div class=\"details hide-actions hide-rating hide-address\"><div class='item-header'><h3><\/h3><\/div>\t\t<div class=\"item_price\" style=\"display:none\">\n\t\t\tEn\t\t\t\t\t\t<span class=\"price\">\n\t\t\t\t<em>\n\t\t\t\t\t\t\t\t<span class=\"curr\"><\/span>\n\t\t\t\t<span class=\"amount\"><\/span>\n\t\t\t\t\t\t\t\t<\/em>\n\t\t\t<\/span>\n\t\t\t\t<\/div>\n\t\t<div class='post-type description'><\/div><\/div><!--\/\/details--><a href=\"\" class=\"overlay-link\"><\/a><\/div><\/article><!--\/\/tour_item--><\/div><\/p>","protected":false},"excerpt":{"rendered":"","protected":false},"author":1,"featured_media":0,"parent":0,"menu_order":0,"comment_status":"closed","ping_status":"closed","template":"page-blank.php","meta":{"footnotes":""},"class_list":["post-31271","page","type-page","status-publish","hentry"],"_links":{"self":[{"href":"https:\/\/bali.day\/es\/wp-json\/wp\/v2\/pages\/31271","targetHints":{"allow":["GET"]}}],"collection":[{"href":"https:\/\/bali.day\/es\/wp-json\/wp\/v2\/pages"}],"about":[{"href":"https:\/\/bali.day\/es\/wp-json\/wp\/v2\/types\/page"}],"author":[{"embeddable":true,"href":"https:\/\/bali.day\/es\/wp-json\/wp\/v2\/users\/1"}],"replies":[{"embeddable":true,"href":"https:\/\/bali.day\/es\/wp-json\/wp\/v2\/comments?post=31271"}],"version-history":[{"count":0,"href":"https:\/\/bali.day\/es\/wp-json\/wp\/v2\/pages\/31271\/revisions"}],"wp:attachment":[{"href":"https:\/\/bali.day\/es\/wp-json\/wp\/v2\/media?parent=31271"}],"curies":[{"name":"wp","href":"https:\/\/api.w.org\/{rel}","templated":true}]}}