{"id":30072,"date":"2022-08-08T20:48:18","date_gmt":"2022-08-08T18:48:18","guid":{"rendered":"http:\/\/bali.day\/?page_id=30072"},"modified":"2024-11-17T10:46:39","modified_gmt":"2024-11-17T02:46:39","slug":"general-terms-conditions","status":"publish","type":"page","link":"https:\/\/bali.day\/es\/general-terms-conditions\/","title":{"rendered":"Condiciones generales"},"content":{"rendered":"<pre class=\"wp-block-code\"><code>Si est\u00e1s pensando en hacer una excursi\u00f3n de un d\u00eda en Bali, hay algunas cosas importantes que debes saber. Lo primero que debes saber es que el precio de la excursi\u00f3n generalmente incluye el transporte, el almuerzo y las entradas a las atracciones incluidas en el itinerario. Sin embargo, no incluye art\u00edculos como souvenirs, gastos personales y propinas. Tambi\u00e9n es importante tener en cuenta que la mayor\u00eda de las excursiones de un d\u00eda en Bali se consideran excursiones de un d\u00eda completo, por lo que suelen comenzar muy temprano por la ma\u00f1ana y terminar por la tarde. Si tienes alguna solicitud especial o necesitas hacer alg\u00fan cambio en el itinerario, debes informar al operador tur\u00edstico lo antes posible. Adem\u00e1s, es importante recordar que algunas de las atracciones incluidas en la excursi\u00f3n pueden tener acceso restringido para mujeres embarazadas y ni\u00f1os menores de cierta edad. Por lo tanto, si t\u00fa o alguien de tu grupo se encuentra en alguna de estas categor\u00edas, inf\u00f3rmaselo al operador tur\u00edstico con anticipaci\u00f3n.<\/code><\/pre>\n\n\n\n<div data-wp-interactive=\"core\/file\" class=\"wp-block-file\"><object data-wp-bind--hidden=\"!state.hasPdfPreview\" hidden class=\"wp-block-file__embed\" data=\"http:\/\/bali.day\/wp-content\/uploads\/2022\/08\/GTC.pdf\" type=\"application\/pdf\" style=\"width:100%;height:600px\" aria-label=\"Incrustado de GTC.\"><\/object><a id=\"wp-block-file--media-02c1b937-dd19-47c2-affe-bb66444589a8\" href=\"http:\/\/bali.day\/wp-content\/uploads\/2022\/08\/GTC.pdf\">GTC<\/a><a href=\"http:\/\/bali.day\/wp-content\/uploads\/2022\/08\/GTC.pdf\" class=\"wp-block-file__button wp-element-button\" download aria-describedby=\"wp-block-file--media-02c1b937-dd19-47c2-affe-bb66444589a8\">Descargar<\/a><\/div>","protected":false},"excerpt":{"rendered":"","protected":false},"author":1,"featured_media":0,"parent":0,"menu_order":0,"comment_status":"closed","ping_status":"closed","template":"","meta":{"footnotes":""},"class_list":["post-30072","page","type-page","status-publish","hentry"],"_links":{"self":[{"href":"https:\/\/bali.day\/es\/wp-json\/wp\/v2\/pages\/30072","targetHints":{"allow":["GET"]}}],"collection":[{"href":"https:\/\/bali.day\/es\/wp-json\/wp\/v2\/pages"}],"about":[{"href":"https:\/\/bali.day\/es\/wp-json\/wp\/v2\/types\/page"}],"author":[{"embeddable":true,"href":"https:\/\/bali.day\/es\/wp-json\/wp\/v2\/users\/1"}],"replies":[{"embeddable":true,"href":"https:\/\/bali.day\/es\/wp-json\/wp\/v2\/comments?post=30072"}],"version-history":[{"count":0,"href":"https:\/\/bali.day\/es\/wp-json\/wp\/v2\/pages\/30072\/revisions"}],"wp:attachment":[{"href":"https:\/\/bali.day\/es\/wp-json\/wp\/v2\/media?parent=30072"}],"curies":[{"name":"wp","href":"https:\/\/api.w.org\/{rel}","templated":true}]}}