{"id":33298,"date":"2024-07-16T20:31:18","date_gmt":"2024-07-16T12:31:18","guid":{"rendered":"https:\/\/bali.day\/?page_id=33298"},"modified":"2024-09-07T12:43:00","modified_gmt":"2024-09-07T04:43:00","slug":"culinary-gastronomy","status":"publish","type":"page","link":"https:\/\/bali.day\/de\/organized-tours\/culinary-gastronomy\/","title":{"rendered":"Kulinarik &amp; Gastronomie"},"content":{"rendered":"<p>\ud83d\udc4b Bereit f\u00fcr ein geschmacksreiches Abenteuer durch Balis kulinarisches Herz? Vergessen Sie f\u00fcr einen Moment die Str\u00e4nde und tauchen Sie ein in eine Welt, in der alte Traditionen nahtlos mit modernen kulinarischen Innovationen verschmelzen.<\/p>\n\n\n\n<p>Stellen Sie sich vor: Sie stehen in einer traditionellen balinesischen K\u00fcche und lernen, ber\u00fchmte Gerichte wie Sate Lilit (diese k\u00f6stlichen Hackfleischspie\u00dfe), herzhaftes Lawar (eine Symphonie aus Gem\u00fcse und Fleisch) und das legend\u00e4re Ayam Betutu (langsam gegartes H\u00fchnchen, das so zart ist, dass es auf der Zunge zergeht) zuzubereiten. \ud83e\udd24<\/p>\n\n\n\n<p>Aber das ist erst der Anfang! Wir wandern durch duftende Gew\u00fcrzplantagen und atmen die berauschenden Aromen von Nelken, Muskatnuss und Kurkuma ein \u2013 die wahre Essenz der balinesischen K\u00fcche. Wir schlendern durch gesch\u00e4ftige lokale M\u00e4rkte, vorbei an einem Kaleidoskop aus frischen Produkten, exotischen Gew\u00fcrzen und verlockenden Snacks. Und f\u00fcr den ultimativen Genuss verw\u00f6hnen wir unsere Geschmacksknospen mit exquisiten Degustationsmen\u00fcs in renommierten Restaurants, wo talentierte K\u00f6che kulinarische Meisterwerke kreieren, die Sie sprachlos machen werden.<\/p>\n\n\n\n<p>Oh, und habe ich das Sat\u00e9 erw\u00e4hnt? Von saftigem Sate Lilit bis zu feurigem Sate Plecing erwartet Ihre Geschmacksknospen ein wahrer Genuss. Und von den Desserts will ich gar nicht erst anfangen! Denken Sie an samtigen Bubuh Injin (schwarzen Milchreis) und erfrischendes Es Daluman (Kokosnussgelee) \u2013 der perfekte s\u00fc\u00dfe Abschluss Ihrer kulinarischen Reise.<\/p>\n\n\n\n<p>Also, worauf warten Sie noch? Lassen Sie uns gemeinsam Balis kulinarische Seele erkunden! Buchen Sie Ihr Abenteuer noch heute und machen Sie sich bereit, die Magie zu schmecken! \u2728<\/p>","protected":false},"excerpt":{"rendered":"<p>\ud83d\udc4b Ready to embark on a flavor-filled adventure through Bali&#8217;s culinary heart? Forget the beaches for a moment; let&#8217;s dive deep into a world where ancient traditions blend seamlessly with modern culinary innovations. Picture this: you, in a traditional Balinese kitchen, learning to whip up iconic dishes like sate lilit (those mouthwatering minced meat skewers), [&hellip;]<\/p>\n","protected":false},"author":1,"featured_media":0,"parent":33280,"menu_order":0,"comment_status":"closed","ping_status":"closed","template":"page-tour-list.php","meta":{"footnotes":""},"class_list":["post-33298","page","type-page","status-publish","hentry"],"_links":{"self":[{"href":"https:\/\/bali.day\/de\/wp-json\/wp\/v2\/pages\/33298","targetHints":{"allow":["GET"]}}],"collection":[{"href":"https:\/\/bali.day\/de\/wp-json\/wp\/v2\/pages"}],"about":[{"href":"https:\/\/bali.day\/de\/wp-json\/wp\/v2\/types\/page"}],"author":[{"embeddable":true,"href":"https:\/\/bali.day\/de\/wp-json\/wp\/v2\/users\/1"}],"replies":[{"embeddable":true,"href":"https:\/\/bali.day\/de\/wp-json\/wp\/v2\/comments?post=33298"}],"version-history":[{"count":0,"href":"https:\/\/bali.day\/de\/wp-json\/wp\/v2\/pages\/33298\/revisions"}],"up":[{"embeddable":true,"href":"https:\/\/bali.day\/de\/wp-json\/wp\/v2\/pages\/33280"}],"wp:attachment":[{"href":"https:\/\/bali.day\/de\/wp-json\/wp\/v2\/media?parent=33298"}],"curies":[{"name":"wp","href":"https:\/\/api.w.org\/{rel}","templated":true}]}}