{"id":33280,"date":"2024-07-16T19:18:02","date_gmt":"2024-07-16T11:18:02","guid":{"rendered":"https:\/\/bali.day\/?page_id=33280"},"modified":"2024-07-16T19:55:54","modified_gmt":"2024-07-16T11:55:54","slug":"organized-tours","status":"publish","type":"page","link":"https:\/\/bali.day\/de\/organized-tours\/","title":{"rendered":"Organisierte Touren"},"content":{"rendered":"<p>Willkommen zu unserer kuratierten Sammlung organisierter Touren, die Ihnen die vielf\u00e4ltigen Wunder Balis enth\u00fcllen!<\/p>\n\n\n\n<p>Egal, ob Sie sich nach Abenteuern sehnen, in die Kultur eintauchen m\u00f6chten oder sich nach ruhiger Entspannung sehnen, unsere sorgf\u00e4ltig ausgearbeiteten Reiserouten erf\u00fcllen die W\u00fcnsche jedes Reisenden.<\/p>\n\n\n\n<p>Entdecken Sie eine breite Palette an Erlebnissen<\/p>","protected":false},"excerpt":{"rendered":"<p>Welcome to our curated collection of organized tours, designed to unveil the diverse wonders of Bali! Whether you crave adventure, seek cultural immersion, or yearn for serene relaxation, our meticulously crafted itineraries cater to every traveler&#8217;s desires. Explore to discover a wide array of experiences<\/p>","protected":false},"author":1,"featured_media":0,"parent":0,"menu_order":0,"comment_status":"closed","ping_status":"closed","template":"","meta":{"footnotes":""},"class_list":["post-33280","page","type-page","status-publish","hentry"],"_links":{"self":[{"href":"https:\/\/bali.day\/de\/wp-json\/wp\/v2\/pages\/33280","targetHints":{"allow":["GET"]}}],"collection":[{"href":"https:\/\/bali.day\/de\/wp-json\/wp\/v2\/pages"}],"about":[{"href":"https:\/\/bali.day\/de\/wp-json\/wp\/v2\/types\/page"}],"author":[{"embeddable":true,"href":"https:\/\/bali.day\/de\/wp-json\/wp\/v2\/users\/1"}],"replies":[{"embeddable":true,"href":"https:\/\/bali.day\/de\/wp-json\/wp\/v2\/comments?post=33280"}],"version-history":[{"count":0,"href":"https:\/\/bali.day\/de\/wp-json\/wp\/v2\/pages\/33280\/revisions"}],"wp:attachment":[{"href":"https:\/\/bali.day\/de\/wp-json\/wp\/v2\/media?parent=33280"}],"curies":[{"name":"wp","href":"https:\/\/api.w.org\/{rel}","templated":true}]}}