{"id":31271,"date":"2023-01-07T05:31:05","date_gmt":"2023-01-07T04:31:05","guid":{"rendered":"http:\/\/bali.day\/?page_id=31271"},"modified":"2023-01-07T05:31:07","modified_gmt":"2023-01-07T04:31:07","slug":"home-travel-agency-template","status":"publish","type":"page","link":"https:\/\/bali.day\/de\/home-travel-agency-template\/","title":{"rendered":"Home Travel Agency template"},"content":{"rendered":"<div class=\"widget widget-sidebar\"><div class=\"s-title\"><h2><\/h2><\/div><div style='display:none' class='query'>SELECT SQL_CALC_FOUND_ROWS  wp_posts.*, 1 rooms_available, 0 rooms_booked , IFNULL((SELECT price_meta2.meta_value + 0 FROM wp_postmeta price_meta2  WHERE price_meta2.post_id=wp_posts.ID  AND price_meta2.meta_key='_accommodation_min_price:2026-04-10:2028-04-10' LIMIT 1), 0) accommodation_price , IFNULL((SELECT price_meta3.meta_value + 0 FROM wp_postmeta price_meta3  WHERE price_meta3.post_id=wp_posts.ID  AND price_meta3.meta_key='accommodation_static_from_price' LIMIT 1), 0) accommodation_static_price \n\t\t\t\t\t FROM wp_posts \n\t\t\t\t\t WHERE 1=1  AND wp_posts.post_type = 'accommodation' AND ((wp_posts.post_status = 'publish'))\n\t\t\t\t\t GROUP BY  wp_posts.ID  HAVING 1=1 \n\t\t\t\t\t ORDER BY wp_posts.post_title ASC\n\t\t\t\t\t LIMIT 0, 4<\/div><div class=\"deals\"><div class=\"row\"><article data-accommodation-id=\"32820\" class=\"accommodation_item full-width\"><div><a href=\"https:\/\/bali.day\/de\/stay\/danke-lodge\/\" title=\"Danke Lodge\"><figure><img fetchpriority=\"high\" decoding=\"async\" width=\"400\" height=\"300\" src=\"https:\/\/bali.day\/wp-content\/uploads\/2023\/09\/245794328-400x300.jpg\" class=\"attachment-thumbnail size-thumbnail wp-post-image\" alt=\"\" title=\"Danke Lodge\" srcset=\"https:\/\/bali.day\/wp-content\/uploads\/2023\/09\/245794328-400x300.jpg 400w, https:\/\/bali.day\/wp-content\/uploads\/2023\/09\/245794328-300x225.jpg 300w, https:\/\/bali.day\/wp-content\/uploads\/2023\/09\/245794328-1024x768.jpg 1024w, https:\/\/bali.day\/wp-content\/uploads\/2023\/09\/245794328-768x576.jpg 768w, https:\/\/bali.day\/wp-content\/uploads\/2023\/09\/245794328-16x12.jpg 16w, https:\/\/bali.day\/wp-content\/uploads\/2023\/09\/245794328-408x306.jpg 408w, https:\/\/bali.day\/wp-content\/uploads\/2023\/09\/245794328-711x533.jpg 711w, https:\/\/bali.day\/wp-content\/uploads\/2023\/09\/245794328-600x450.jpg 600w, https:\/\/bali.day\/wp-content\/uploads\/2023\/09\/245794328.jpg 1200w\" sizes=\"(max-width: 400px) 100vw, 400px\" \/><\/figure><\/a><div class=\"details hide-rating\"><div class='item-header'><h3><a href=\"https:\/\/bali.day\/de\/stay\/danke-lodge\/\" title=\"Danke Lodge\">Danke Lodge<\/a><\/h3><\/div>\t\t<div class=\"item_price\" style=\"display:none\">\n\t\t\tVon\t\t\t\t\t\t<span class=\"price\">\n\t\t\t\t<em>\n\t\t\t\t\t\t\t\t<span class=\"curr\"><\/span>\n\t\t\t\t<span class=\"amount\"><\/span>\n\t\t\t\t\t\t\t\t<\/em>\n\t\t\t<\/span>\n\t\t\t\t<\/div>\n\t\t<div class='post-type description'><\/div><div class='actions'><a href='https:\/\/bali.day\/de\/stay\/danke-lodge\/' class='gradient-button edit-entity'  data-id='32820'  title='Book now'>Book now<\/a><\/div><\/div><!--\/\/details--><a href=\"https:\/\/bali.day\/de\/stay\/danke-lodge\/\" class=\"overlay-link\"><\/a><\/div><\/article><!--\/\/accommodation_item--><article data-accommodation-id=\"32843\" class=\"accommodation_item full-width\"><div><a href=\"https:\/\/bali.day\/de\/stay\/g-rima-home-stay\/\" title=\"G-Rima Home Stay\"><figure><img decoding=\"async\" width=\"400\" height=\"300\" src=\"https:\/\/bali.day\/wp-content\/uploads\/2023\/09\/g-rima-400x300.jpg\" class=\"attachment-thumbnail size-thumbnail wp-post-image\" alt=\"\" title=\"g-rima\" \/><\/figure><\/a><div class=\"details hide-rating\"><div class='item-header'><h3><a href=\"https:\/\/bali.day\/de\/stay\/g-rima-home-stay\/\" title=\"G-Rima Home Stay\">G-Rima Home Stay<\/a><\/h3>\t\t<span class=\"address\">\n\t\t\tJl.Trans Flores, Golo Bilas _ Kaper, 87111 Labuan Bajo\t\t<\/span>\n\t\t<\/div>\t\t<div class=\"item_price\" style=\"display:none\">\n\t\t\tVon\t\t\t\t\t\t<span class=\"price\">\n\t\t\t\t<em>\n\t\t\t\t\t\t\t\t<span class=\"curr\"><\/span>\n\t\t\t\t<span class=\"amount\"><\/span>\n\t\t\t\t\t\t\t\t<\/em>\n\t\t\t<\/span>\n\t\t\t\t<\/div>\n\t\t<div class='post-type description'><div class=\"description\">\n<div class=\"text-wrap\">\n<p>Das G-Rima Home Stay liegt in Labuan Bajo in der Region Nusa Tenggara Timur und bietet Unterk\u00fcnfte mit kostenfreiem WLAN und kostenfreie Privatparkpl\u00e4tze.<\/p>\n<p>Einige Unterk\u00fcnfte sind klimatisiert und verf\u00fcgen \u00fcber eine Terrasse und\/oder einen Balkon sowie einen Sitzbereich.<\/p>\n<p>Als Gast der Privatunterkunft genie\u00dfen Sie ein kontinentales Fr\u00fchst\u00fcck.<\/p>\n<p>Das G-Rima Home Stay verf\u00fcgt \u00fcber einen Kinderspielplatz.<\/p>\n<p>In der Unterkunft stehen Ihnen sowohl ein Fahrradverleih als auch eine Autovermietung zur Verf\u00fcgung.<\/p>\n<p>Der n\u00e4chstgelegene Flughafen ist der 4 km vom G-Rima Home Stay entfernte internationale Flughafen Komodo. Die Unterkunft bietet einen kostenpflichtigen Flughafentransfer.<\/p>\n<\/div>\n<\/div>\n<\/div><div class='actions'><a href='https:\/\/bali.day\/de\/stay\/g-rima-home-stay\/' class='gradient-button edit-entity'  data-id='32843'  title='Book now'>Book now<\/a><\/div><\/div><!--\/\/details--><a href=\"https:\/\/bali.day\/de\/stay\/g-rima-home-stay\/\" class=\"overlay-link\"><\/a><\/div><\/article><!--\/\/accommodation_item--><article data-accommodation-id=\"32846\" class=\"accommodation_item full-width\"><div><a href=\"https:\/\/bali.day\/de\/stay\/guest-house-d-valeri\/\" title=\"G\u00e4stehaus d Valeri\"><figure><img decoding=\"async\" src=\"https:\/\/bali.day\/wp-content\/themes\/BookYourTravel\/images\/uploads\/img.jpg\" height=\"400\" width=\"300\" title=\"G\u00e4stehaus d Valeri\" \/><\/figure><\/a><div class=\"details hide-rating\"><div class='item-header'><h3><a href=\"https:\/\/bali.day\/de\/stay\/guest-house-d-valeri\/\" title=\"G\u00e4stehaus d Valeri\">G\u00e4stehaus d Valeri<\/a><\/h3><\/div>\t\t<div class=\"item_price\" style=\"display:none\">\n\t\t\tVon\t\t\t\t\t\t<span class=\"price\">\n\t\t\t\t<em>\n\t\t\t\t\t\t\t\t<span class=\"curr\"><\/span>\n\t\t\t\t<span class=\"amount\"><\/span>\n\t\t\t\t\t\t\t\t<\/em>\n\t\t\t<\/span>\n\t\t\t\t<\/div>\n\t\t<div class='post-type description'><\/div><div class='actions'><a href='https:\/\/bali.day\/de\/stay\/guest-house-d-valeri\/' class='gradient-button edit-entity'  data-id='32846'  title='Book now'>Book now<\/a><\/div><\/div><!--\/\/details--><a href=\"https:\/\/bali.day\/de\/stay\/guest-house-d-valeri\/\" class=\"overlay-link\"><\/a><\/div><\/article><!--\/\/accommodation_item--><article data-accommodation-id=\"32848\" class=\"accommodation_item full-width\"><div><a href=\"https:\/\/bali.day\/de\/stay\/sten-lodge-eco-homestay\/\" title=\"Sten Lodge \u00d6ko-Gastfamilie\"><figure><img loading=\"lazy\" decoding=\"async\" width=\"400\" height=\"300\" src=\"https:\/\/bali.day\/wp-content\/uploads\/2023\/09\/Sten-Lodge-eco-Homestay-400x300.jpg\" class=\"attachment-thumbnail size-thumbnail wp-post-image\" alt=\"\" title=\"Sten Lodge \u00d6ko-Gastfamilie\" srcset=\"https:\/\/bali.day\/wp-content\/uploads\/2023\/09\/Sten-Lodge-eco-Homestay-400x300.jpg 400w, https:\/\/bali.day\/wp-content\/uploads\/2023\/09\/Sten-Lodge-eco-Homestay-300x225.jpg 300w, https:\/\/bali.day\/wp-content\/uploads\/2023\/09\/Sten-Lodge-eco-Homestay-1024x768.jpg 1024w, https:\/\/bali.day\/wp-content\/uploads\/2023\/09\/Sten-Lodge-eco-Homestay-768x576.jpg 768w, https:\/\/bali.day\/wp-content\/uploads\/2023\/09\/Sten-Lodge-eco-Homestay-16x12.jpg 16w, https:\/\/bali.day\/wp-content\/uploads\/2023\/09\/Sten-Lodge-eco-Homestay-408x306.jpg 408w, https:\/\/bali.day\/wp-content\/uploads\/2023\/09\/Sten-Lodge-eco-Homestay-711x533.jpg 711w, https:\/\/bali.day\/wp-content\/uploads\/2023\/09\/Sten-Lodge-eco-Homestay-600x450.jpg 600w, https:\/\/bali.day\/wp-content\/uploads\/2023\/09\/Sten-Lodge-eco-Homestay.jpg 1200w\" sizes=\"(max-width: 400px) 100vw, 400px\" \/><\/figure><\/a><div class=\"details hide-rating\"><div class='item-header'><h3><a href=\"https:\/\/bali.day\/de\/stay\/sten-lodge-eco-homestay\/\" title=\"Sten Lodge \u00d6ko-Gastfamilie\">Sten Lodge \u00d6ko-Gastfamilie<\/a><\/h3><\/div>\t\t<div class=\"item_price\" style=\"display:none\">\n\t\t\tVon\t\t\t\t\t\t<span class=\"price\">\n\t\t\t\t<em>\n\t\t\t\t\t\t\t\t<span class=\"curr\"><\/span>\n\t\t\t\t<span class=\"amount\"><\/span>\n\t\t\t\t\t\t\t\t<\/em>\n\t\t\t<\/span>\n\t\t\t\t<\/div>\n\t\t<div class='post-type description'><div id=\"summary\" class=\"hotel_description_review_display\">\n<div id=\"property_description_content\">\n<div>\n<div class=\"a53cbfa6de ca93961ea0\"><\/div>\n<p class=\"a53cbfa6de b3efd73f69\">Das Sten Lodge eco Homestay in Labuan Bajo bietet Aussicht auf den Innenhof, ein Restaurant und eine Gep\u00e4ckaufbewahrung. Einige Unterk\u00fcnfte verf\u00fcgen \u00fcber eine Terrasse und\/oder einen Balkon mit Berg- oder Gartenblick. Das Fr\u00fchst\u00fcck wird t\u00e4glich serviert und umfasst asiatische, vegetarische und vegane Optionen. Die Privatunterkunft verf\u00fcgt \u00fcber einen Au\u00dfenkamin. Entspannen Sie im Garten der Unterkunft. Der n\u00e4chstgelegene Flughafen ist der 18 km vom Sten Lodge eco Homestay entfernte internationale Flughafen Komodo.<\/p>\n<\/div>\n<\/div>\n<\/div>\n<\/div><div class='actions'><a href='https:\/\/bali.day\/de\/stay\/sten-lodge-eco-homestay\/' class='gradient-button edit-entity'  data-id='32848'  title='Book now'>Book now<\/a><\/div><\/div><!--\/\/details--><a href=\"https:\/\/bali.day\/de\/stay\/sten-lodge-eco-homestay\/\" class=\"overlay-link\"><\/a><\/div><\/article><!--\/\/accommodation_item--><\/div><!--row--><\/div><!--deals--><\/div>\n<p><div class=\"widget widget-sidebar\"><article data-accommodation-id=\"256\" class=\"accommodation_item single-card\"><div><div class=\"details hide-actions hide-address hide-rating\"><div class='item-header'><h3><\/h3><\/div>\t\t<div class=\"item_price\" style=\"display:none\">\n\t\t\tVon\t\t\t\t\t\t<span class=\"price\">\n\t\t\t\t<em>\n\t\t\t\t\t\t\t\t<span class=\"curr\"><\/span>\n\t\t\t\t<span class=\"amount\"><\/span>\n\t\t\t\t\t\t\t\t<\/em>\n\t\t\t<\/span>\n\t\t\t\t<\/div>\n\t\t<div class='post-type description'><\/div><\/div><!--\/\/details--><a href=\"\" class=\"overlay-link\"><\/a><\/div><\/article><!--\/\/accommodation_item--><\/div><div class=\"widget widget-sidebar\"><article data-tour-id=\"338\" class=\"tour_item single-card\"><div><div class=\"details hide-actions hide-rating hide-address\"><div class='item-header'><h3><\/h3><\/div>\t\t<div class=\"item_price\" style=\"display:none\">\n\t\t\tVon\t\t\t\t\t\t<span class=\"price\">\n\t\t\t\t<em>\n\t\t\t\t\t\t\t\t<span class=\"curr\"><\/span>\n\t\t\t\t<span class=\"amount\"><\/span>\n\t\t\t\t\t\t\t\t<\/em>\n\t\t\t<\/span>\n\t\t\t\t<\/div>\n\t\t<div class='post-type description'><\/div><\/div><!--\/\/details--><a href=\"\" class=\"overlay-link\"><\/a><\/div><\/article><!--\/\/tour_item--><\/div><\/p>","protected":false},"excerpt":{"rendered":"","protected":false},"author":1,"featured_media":0,"parent":0,"menu_order":0,"comment_status":"closed","ping_status":"closed","template":"page-blank.php","meta":{"footnotes":""},"class_list":["post-31271","page","type-page","status-publish","hentry"],"_links":{"self":[{"href":"https:\/\/bali.day\/de\/wp-json\/wp\/v2\/pages\/31271","targetHints":{"allow":["GET"]}}],"collection":[{"href":"https:\/\/bali.day\/de\/wp-json\/wp\/v2\/pages"}],"about":[{"href":"https:\/\/bali.day\/de\/wp-json\/wp\/v2\/types\/page"}],"author":[{"embeddable":true,"href":"https:\/\/bali.day\/de\/wp-json\/wp\/v2\/users\/1"}],"replies":[{"embeddable":true,"href":"https:\/\/bali.day\/de\/wp-json\/wp\/v2\/comments?post=31271"}],"version-history":[{"count":0,"href":"https:\/\/bali.day\/de\/wp-json\/wp\/v2\/pages\/31271\/revisions"}],"wp:attachment":[{"href":"https:\/\/bali.day\/de\/wp-json\/wp\/v2\/media?parent=31271"}],"curies":[{"name":"wp","href":"https:\/\/api.w.org\/{rel}","templated":true}]}}