{"id":30072,"date":"2022-08-08T20:48:18","date_gmt":"2022-08-08T18:48:18","guid":{"rendered":"http:\/\/bali.day\/?page_id=30072"},"modified":"2024-11-17T10:46:39","modified_gmt":"2024-11-17T02:46:39","slug":"general-terms-conditions","status":"publish","type":"page","link":"https:\/\/bali.day\/de\/general-terms-conditions\/","title":{"rendered":"Allgemeine Bedingungen und Konditionen"},"content":{"rendered":"<pre class=\"wp-block-code\"><code>Wenn Sie eine Tagestour auf Bali planen, sollten Sie einige wichtige Dinge beachten. Zun\u00e4chst einmal sollten Sie wissen, dass der Preis der Tour in der Regel Transport, Mittagessen und Eintrittsgelder f\u00fcr die im Reiseplan enthaltenen Attraktionen beinhaltet. Souvenirs, pers\u00f6nliche Ausgaben und Trinkgelder sind jedoch nicht im Preis enthalten. Au\u00dferdem sollten Sie wissen, dass die meisten Tagestouren auf Bali als Ganztagestouren gelten, also normalerweise sehr fr\u00fch am Morgen beginnen und abends enden. Wenn Sie besondere W\u00fcnsche haben oder \u00c4nderungen am Reiseplan vornehmen m\u00fcssen, sollten Sie den Reiseveranstalter so bald wie m\u00f6glich dar\u00fcber informieren. Dar\u00fcber hinaus sollten Sie bedenken, dass einige der im Tourplan enthaltenen Attraktionen f\u00fcr schwangere Frauen und Kinder unter einem bestimmten Alter m\u00f6glicherweise nur eingeschr\u00e4nkt zug\u00e4nglich sind. Wenn Sie oder jemand in Ihrer Gruppe in eine dieser Kategorien f\u00e4llt, informieren Sie den Reiseveranstalter bitte im Voraus.<\/code><\/pre>\n\n\n\n<div data-wp-interactive=\"core\/file\" class=\"wp-block-file\"><object data-wp-bind--hidden=\"!state.hasPdfPreview\" hidden class=\"wp-block-file__embed\" data=\"http:\/\/bali.day\/wp-content\/uploads\/2022\/08\/GTC.pdf\" type=\"application\/pdf\" style=\"width:100%;height:600px\" aria-label=\"Einbettung von GTC.\"><\/object><a id=\"wp-block-file--media-02c1b937-dd19-47c2-affe-bb66444589a8\" href=\"http:\/\/bali.day\/wp-content\/uploads\/2022\/08\/GTC.pdf\">GTC<\/a><a href=\"http:\/\/bali.day\/wp-content\/uploads\/2022\/08\/GTC.pdf\" class=\"wp-block-file__button wp-element-button\" download aria-describedby=\"wp-block-file--media-02c1b937-dd19-47c2-affe-bb66444589a8\">Herunterladen<\/a><\/div>","protected":false},"excerpt":{"rendered":"","protected":false},"author":1,"featured_media":0,"parent":0,"menu_order":0,"comment_status":"closed","ping_status":"closed","template":"","meta":{"footnotes":""},"class_list":["post-30072","page","type-page","status-publish","hentry"],"_links":{"self":[{"href":"https:\/\/bali.day\/de\/wp-json\/wp\/v2\/pages\/30072","targetHints":{"allow":["GET"]}}],"collection":[{"href":"https:\/\/bali.day\/de\/wp-json\/wp\/v2\/pages"}],"about":[{"href":"https:\/\/bali.day\/de\/wp-json\/wp\/v2\/types\/page"}],"author":[{"embeddable":true,"href":"https:\/\/bali.day\/de\/wp-json\/wp\/v2\/users\/1"}],"replies":[{"embeddable":true,"href":"https:\/\/bali.day\/de\/wp-json\/wp\/v2\/comments?post=30072"}],"version-history":[{"count":0,"href":"https:\/\/bali.day\/de\/wp-json\/wp\/v2\/pages\/30072\/revisions"}],"wp:attachment":[{"href":"https:\/\/bali.day\/de\/wp-json\/wp\/v2\/media?parent=30072"}],"curies":[{"name":"wp","href":"https:\/\/api.w.org\/{rel}","templated":true}]}}