{"id":28963,"date":"2022-04-13T20:08:39","date_gmt":"2022-04-13T18:08:39","guid":{"rendered":"http:\/\/bali.day\/canggu\/"},"modified":"2024-11-18T21:39:41","modified_gmt":"2024-11-18T13:39:41","slug":"canggu","status":"publish","type":"page","link":"https:\/\/bali.day\/de\/canggu\/","title":{"rendered":"Canggu &amp; Berawa: Balis B\u00f6hmisches Paradies"},"content":{"rendered":"<p><h2 style=\"text-align: center;\">Canggu &amp; Berawa: Balis B\u00f6hmisches Paradies<\/h2>\n<p>&nbsp;<\/p>\n<p>Stellen Sie sich einen Ort vor, an dem Sie morgens perfekte Wellen surfen, ein k\u00f6stliches Fr\u00fchst\u00fcck mit Blick auf Reisfelder genie\u00dfen und den Tag mit einem magischen Sonnenuntergang an einer Strandbar ausklingen lassen k\u00f6nnen. Klingt wie das Paradies, oder? Nun, diesen Ort gibt es tats\u00e4chlich, und er hei\u00dft Canggu (und sein Nachbar Berawa) auf der unglaublichen Insel Bali.<\/p><\/p>\n\n\n\n<p>Vergessen Sie Wolkenkratzer und L\u00e4rm. In Canggu erwarten Sie bezaubernde Stra\u00dfen voller Kunsthandwerksl\u00e4den, cooler Caf\u00e9s und lebensfroher Menschen aus aller Welt. Sie lieben Yoga? Sie finden \u00fcberall Studios! Lust auf Abenteuer? Erkunden Sie die Insel mit dem Motorrad oder gehen Sie Wildwasser-Rafting!<\/p>\n\n\n\n<p>Und wenn Sie ein Feinschmecker sind, k\u00f6nnen Sie sich auf eine wahre Geschmacksexplosion gefasst machen. Von traditionellen Warungs (kleinen lokalen Imbissen) bis hin zu internationalen Restaurants hat Canggu f\u00fcr jeden etwas zu bieten. Vergessen Sie nicht, die ber\u00fchmten Smoothie-Bowls zu probieren \u2013 ein fruchtiger Energieschub!<\/p>\n\n\n\n<p>Aber Canggu bietet nicht nur Str\u00e4nde und Spa\u00df. Es hat auch eine ganz besondere spirituelle Seite. Sie k\u00f6nnen alte Tempel wie Tanah Lot besuchen, einen magischen Ort, der auf einem Felsen im Meer erbaut wurde, oder sich in den \u00fcppigen gr\u00fcnen Reisfeldern verlieren.<\/p>\n\n\n\n<p>Stellen Sie sich vor, Sie schlendern mit einem Surfbrett unter dem Arm am Strand entlang oder schl\u00fcrfen eine frische Kokosnuss, w\u00e4hrend Sie die Sonne genie\u00dfen. Canggu bietet all das und noch viel mehr. Entdecken Sie diese Ecke von Bali, die Ihr Herz erobern wird!<\/p>\n\n\n\n<p><p>&nbsp;<\/p>\n<p>Dinge die zu tun sind:<\/p>\n<p>&nbsp;<\/p><\/p>\n\n\n\n<p><p>Strandgl\u00fcck: Entspannen Sie an den schwarzen Sandstr\u00e4nden von Echo Beach, Batu Bolong oder Berawa Beach. Tanken Sie Sonne, schwimmen Sie oder genie\u00dfen Sie einfach die entspannte Atmosph\u00e4re.<br>Surf&#039;s Up: Zahlreiche Surfschulen und Boardverleihe bieten Angebote f\u00fcr alle Niveaus. Erfahrene Lehrer begleiten Sie von Ihrer ersten Welle bis zum Surfen wie ein Profi.<br>Caf\u00e9-Hopping: Tauchen Sie ein in die bl\u00fchende Caf\u00e9-Kultur von Canggu. Genie\u00dfen Sie gesunde Brunch-Optionen, Spezialit\u00e4tenkaffee und frische S\u00e4fte.<br>Yoga-Zeit: Nehmen Sie an einem Yoga-Kurs bei The Practice, Serenity Yoga oder Desa Seni teil. Viele Studios bieten Drop-in-Kurse und Workshops an.<br>Shoppen bis zum Umfallen: Entdecken Sie einzigartige Sch\u00e4tze in Canggus Boutiquen und Gesch\u00e4ften. Finden Sie handgefertigten Schmuck, Kleidung, Haushaltswaren und Souvenirs.<br>Tanah-Lot-Tempel: Erleben Sie den ikonischen Meerestempel auf einer spektakul\u00e4ren Felsformation, der bei Sonnenuntergang besonders zauberhaft ist.<\/p>\n<p>Nachtleben-Rummel: Canggu bietet ein pulsierendes Nachtleben. Genie\u00dfen Sie Livemusik, DJs und Cocktails in Strandclubs wie La Favela und The Lawn.<br>Spa-Verw\u00f6hnung: Entspannen Sie bei einer traditionellen balinesischen Massage im Therapy Canggu oder Amo Spa.<br>Fortbewegung vor Ort:<\/p><\/p>\n\n\n\n<p>Motorroller: Das Mieten eines Motorrollers ist die beliebteste Art, Canggu und Berawa zu erkunden.<br>Gojek\/Grab: Diese Mitfahr-Apps bieten bequeme und g\u00fcnstige Transportm\u00f6glichkeiten.<br>Taxi: Taxis stehen \u00fcberall zur Verf\u00fcgung, verhandeln Sie den Fahrpreis jedoch vor der Fahrt.<br>Wo \u00fcbernachten:<\/p>\n\n\n\n<p>Canggu und Berawa bieten eine gro\u00dfe Auswahl an Unterkunftsm\u00f6glichkeiten, von preisg\u00fcnstigen Hostels und Pensionen bis hin zu luxuri\u00f6sen Villen und Boutique-Hotels. Zu den beliebtesten Optionen geh\u00f6ren:<\/p>\n\n\n\n<p>Theanna Eco Villa and Spa: Eine ruhige Oase mit umweltfreundlichen Praktiken.<br>Frii Hotel Canggu: Stilvolles und modernes Hotel mit Pool auf dem Dach.<br>Serenity Eco Guesthouse: Charmantes G\u00e4stehaus mit Fokus auf Nachhaltigkeit.<br>Kos One Hostel: Geselliges Hostel mit lebendiger Atmosph\u00e4re.<\/p>\n\n\n<div class=\"twer-map-wrapper treweler-map-fw\" ><div class=\"twer-iframe-embed\" style=\"height:500px;\"><iframe loading=\"lazy\" class=\"twer-iframe\" src=\"https:\/\/bali.day\/de\/treweler-map\/canggu\/?twer-index=1&#038;twer-map-id=29796&#038;twer-height=500px&#038;twer-type=fullwidth&#038;twer-scrollzoom=yes&#038;twer-zoombygesture=all&#038;twer-width&#038;twer-lat&#038;twer-lon&#038;twer-zoom&#038;twer-root-id=28963&#038;tw=iframe\"  frameborder=\"0\" title=\"Karte Stadtplan Treweler\"><\/iframe><\/div><\/div>","protected":false},"excerpt":{"rendered":"<p>Canggu &amp; Berawa: Bali&#8217;s Bohemian Paradise &nbsp; Imagine a place where you can surf perfect waves in the morning, grab a delicious breakfast overlooking rice paddies, and end the day with a magical sunset at a beach bar. Sounds like paradise, right? Well, that place exists, and it&#8217;s called Canggu (and its neighbor, Berawa), on [&hellip;]<\/p>\n","protected":false},"author":1,"featured_media":0,"parent":0,"menu_order":2,"comment_status":"closed","ping_status":"closed","template":"page-blank.php","meta":{"footnotes":""},"class_list":["post-28963","page","type-page","status-publish","hentry"],"_links":{"self":[{"href":"https:\/\/bali.day\/de\/wp-json\/wp\/v2\/pages\/28963","targetHints":{"allow":["GET"]}}],"collection":[{"href":"https:\/\/bali.day\/de\/wp-json\/wp\/v2\/pages"}],"about":[{"href":"https:\/\/bali.day\/de\/wp-json\/wp\/v2\/types\/page"}],"author":[{"embeddable":true,"href":"https:\/\/bali.day\/de\/wp-json\/wp\/v2\/users\/1"}],"replies":[{"embeddable":true,"href":"https:\/\/bali.day\/de\/wp-json\/wp\/v2\/comments?post=28963"}],"version-history":[{"count":0,"href":"https:\/\/bali.day\/de\/wp-json\/wp\/v2\/pages\/28963\/revisions"}],"wp:attachment":[{"href":"https:\/\/bali.day\/de\/wp-json\/wp\/v2\/media?parent=28963"}],"curies":[{"name":"wp","href":"https:\/\/api.w.org\/{rel}","templated":true}]}}